{"id":14089,"date":"2024-05-27T07:35:09","date_gmt":"2024-05-27T07:35:09","guid":{"rendered":"https:\/\/beatsbybircow.dk\/?page_id=14089"},"modified":"2025-03-17T09:24:29","modified_gmt":"2025-03-17T09:24:29","slug":"boernehold-1-5-helsingoer","status":"publish","type":"page","link":"https:\/\/beatsbybircow.dk\/index.php\/boernehold-1-5-helsingoer\/","title":{"rendered":"B\u00f8rnehold 1-5 \u00e5r Helsing\u00f8r"},"content":{"rendered":"\n\t\t<div id=\"fws_69fca9429ec1e\"  data-column-margin=\"default\" data-midnight=\"dark\"  class=\"wpb_row vc_row-fluid vc_row\"  style=\"padding-top: 0px; padding-bottom: 0px; \"><div class=\"row-bg-wrap\" data-bg-animation=\"none\" data-bg-overlay=\"false\"><div class=\"inner-wrap\"><div class=\"row-bg viewport-desktop\"  style=\"\"><\/div><\/div><\/div><div class=\"row_col_wrap_12 col span_12 dark left\">\n\t<div  class=\"vc_col-sm-12 wpb_column column_container vc_column_container col no-extra-padding inherit_tablet inherit_phone \"  data-padding-pos=\"all\" data-has-bg-color=\"false\" data-bg-color=\"\" data-bg-opacity=\"1\" data-animation=\"\" data-delay=\"0\" >\n\t\t<div class=\"vc_column-inner\" >\n\t\t\t<div class=\"wpb_wrapper\">\n\t\t\t\t<div class=\"woocommerce columns-4\">\n\t\t\n\t\t\n\t\t\n  <ul class=\"products columns-4\" data-n-lazy=\"off\" data-rm-m-hover=\"off\" data-n-desktop-columns=\"4\" data-n-desktop-small-columns=\"3\" data-n-tablet-columns=\"default\" data-n-phone-columns=\"default\" data-product-style=\"classic\">\n\n\n\n\t\t\t\n\t\t\t\t\n\t<li class=\"classic product type-product post-41354 status-publish first instock product_cat-danseundervisning product_cat-boernehold2 product_cat-boernehold product_cat-helsboern15 has-post-thumbnail taxable shipping-taxable purchasable product-type-reepay_variable_subscriptions\" >\n\n\n\t\n\n\t\t\t   <div class=\"product-wrap\">\n\t\t\t<a href=\"https:\/\/beatsbybircow.dk\/index.php\/vare\/micro-moves-3-5-aar-soendag\/\"><img loading=\"lazy\" decoding=\"async\" width=\"300\" height=\"300\" src=\"https:\/\/beatsbybircow.dk\/wp-content\/uploads\/2022\/07\/imageedit_1_7673061675-300x300.jpg\" class=\"attachment-woocommerce_thumbnail size-woocommerce_thumbnail\" alt=\"Micro Moves\" srcset=\"https:\/\/beatsbybircow.dk\/wp-content\/uploads\/2022\/07\/imageedit_1_7673061675-300x300.jpg 300w, https:\/\/beatsbybircow.dk\/wp-content\/uploads\/2022\/07\/imageedit_1_7673061675-150x150.jpg 150w, https:\/\/beatsbybircow.dk\/wp-content\/uploads\/2022\/07\/imageedit_1_7673061675-100x100.jpg 100w, https:\/\/beatsbybircow.dk\/wp-content\/uploads\/2022\/07\/imageedit_1_7673061675-140x140.jpg 140w, https:\/\/beatsbybircow.dk\/wp-content\/uploads\/2022\/07\/imageedit_1_7673061675-500x500.jpg 500w, https:\/\/beatsbybircow.dk\/wp-content\/uploads\/2022\/07\/imageedit_1_7673061675-350x350.jpg 350w, https:\/\/beatsbybircow.dk\/wp-content\/uploads\/2022\/07\/imageedit_1_7673061675-1000x1000.jpg 1000w, https:\/\/beatsbybircow.dk\/wp-content\/uploads\/2022\/07\/imageedit_1_7673061675-800x800.jpg 800w\" sizes=\"auto, (max-width: 300px) 100vw, 300px\" \/><\/a>\n\t\t\t<div class=\"product-add-to-cart\" data-nectar-quickview=\"false\"><a href=\"https:\/\/beatsbybircow.dk\/index.php\/vare\/micro-moves-3-5-aar-soendag\/\" data-quantity=\"1\" class=\"button product_type_reepay_variable_subscriptions add_to_cart_button\" data-product_id=\"41354\" data-product_sku=\"\" aria-label=\"V\u00e6lg muligheder for &ldquo;Micro Moves 3-5 \u00e5r S\u00f8ndag 10.00-10.45&rdquo;\" rel=\"nofollow\">V\u00e6lg muligheder<\/a><\/div>\t\t   <\/div>\n\t\t\t\t\n\t  \n\n\t\t<h2 class=\"woocommerce-loop-product__title\">Micro Moves 3-5 \u00e5r S\u00f8ndag 10.00-10.45<\/h2>\n\t<span class=\"price\"><span class=\"woocommerce-Price-amount amount\"><bdi>289,00<span class=\"woocommerce-Price-currencySymbol\">kr.<\/span><\/bdi><\/span> \/ M\u00e5ned <span aria-hidden=\"true\">&ndash;<\/span> <span class=\"woocommerce-Price-amount amount\"><bdi>3.000,00<span class=\"woocommerce-Price-currencySymbol\">kr.<\/span><\/bdi><\/span> \/ Manuel<span class=\"screen-reader-text\">Prisinterval: 289,00kr. \/ M\u00e5ned til 3.000,00kr. \/ Manuel<\/span><\/span>\n\n\t\n\n\t<span class=\"gtm4wp_productdata\" style=\"display:none; visibility:hidden;\" data-gtm4wp_product_data=\"{&quot;internal_id&quot;:41354,&quot;item_id&quot;:41354,&quot;item_name&quot;:&quot;Micro Moves 3-5 \\u00e5r S\\u00f8ndag 10.00-10.45&quot;,&quot;sku&quot;:41354,&quot;price&quot;:289,&quot;stocklevel&quot;:null,&quot;stockstatus&quot;:&quot;instock&quot;,&quot;google_business_vertical&quot;:&quot;retail&quot;,&quot;item_category&quot;:&quot;Danseundervisning&quot;,&quot;id&quot;:41354,&quot;productlink&quot;:&quot;https:\\\/\\\/beatsbybircow.dk\\\/index.php\\\/vare\\\/micro-moves-3-5-aar-soendag\\\/&quot;,&quot;item_list_name&quot;:&quot;General Product List&quot;,&quot;index&quot;:1,&quot;product_type&quot;:&quot;reepay_variable_subscriptions&quot;,&quot;item_brand&quot;:&quot;&quot;}\"><\/span>\n<\/li>\n\t\t\t\n\t\t\t\t\n\t<li class=\"classic product type-product post-31248 status-publish instock product_cat-helsboern15 product_cat-boernehold product_tag-boern product_tag-boernedans product_tag-dans product_tag-helsingoer product_tag-micro product_tag-nordsjaelland has-post-thumbnail purchasable product-type-reepay_variable_subscriptions\" >\n\n\n\t\n\n\t\t\t   <div class=\"product-wrap\">\n\t\t\t<a href=\"https:\/\/beatsbybircow.dk\/index.php\/vare\/tumlehold\/\"><img loading=\"lazy\" decoding=\"async\" width=\"300\" height=\"300\" src=\"https:\/\/beatsbybircow.dk\/wp-content\/uploads\/2024\/12\/Tumlehold-1-2-aar-Starter-6.-januar-300x300.png\" class=\"attachment-woocommerce_thumbnail size-woocommerce_thumbnail\" alt=\"Tumlehold 1-2 \u00e5r L\u00f8rdag 09.00-09.45\" srcset=\"https:\/\/beatsbybircow.dk\/wp-content\/uploads\/2024\/12\/Tumlehold-1-2-aar-Starter-6.-januar-300x300.png 300w, https:\/\/beatsbybircow.dk\/wp-content\/uploads\/2024\/12\/Tumlehold-1-2-aar-Starter-6.-januar-1024x1024.png 1024w, https:\/\/beatsbybircow.dk\/wp-content\/uploads\/2024\/12\/Tumlehold-1-2-aar-Starter-6.-januar-150x150.png 150w, https:\/\/beatsbybircow.dk\/wp-content\/uploads\/2024\/12\/Tumlehold-1-2-aar-Starter-6.-januar-768x768.png 768w, https:\/\/beatsbybircow.dk\/wp-content\/uploads\/2024\/12\/Tumlehold-1-2-aar-Starter-6.-januar-12x12.png 12w, https:\/\/beatsbybircow.dk\/wp-content\/uploads\/2024\/12\/Tumlehold-1-2-aar-Starter-6.-januar-100x100.png 100w, https:\/\/beatsbybircow.dk\/wp-content\/uploads\/2024\/12\/Tumlehold-1-2-aar-Starter-6.-januar-140x140.png 140w, https:\/\/beatsbybircow.dk\/wp-content\/uploads\/2024\/12\/Tumlehold-1-2-aar-Starter-6.-januar-500x500.png 500w, https:\/\/beatsbybircow.dk\/wp-content\/uploads\/2024\/12\/Tumlehold-1-2-aar-Starter-6.-januar-350x350.png 350w, https:\/\/beatsbybircow.dk\/wp-content\/uploads\/2024\/12\/Tumlehold-1-2-aar-Starter-6.-januar-1000x1000.png 1000w, https:\/\/beatsbybircow.dk\/wp-content\/uploads\/2024\/12\/Tumlehold-1-2-aar-Starter-6.-januar-800x800.png 800w, https:\/\/beatsbybircow.dk\/wp-content\/uploads\/2024\/12\/Tumlehold-1-2-aar-Starter-6.-januar-600x600.png 600w, https:\/\/beatsbybircow.dk\/wp-content\/uploads\/2024\/12\/Tumlehold-1-2-aar-Starter-6.-januar.png 1080w\" sizes=\"auto, (max-width: 300px) 100vw, 300px\" \/><\/a>\n\t\t\t<div class=\"product-add-to-cart\" data-nectar-quickview=\"false\"><a href=\"https:\/\/beatsbybircow.dk\/index.php\/vare\/tumlehold\/\" data-quantity=\"1\" class=\"button product_type_reepay_variable_subscriptions add_to_cart_button\" data-product_id=\"31248\" data-product_sku=\"\" aria-label=\"V\u00e6lg muligheder for &ldquo;Tumlehold 1-2 \u00e5r L\u00f8rdag 09.00-09.45&rdquo;\" rel=\"nofollow\">V\u00e6lg muligheder<\/a><\/div>\t\t   <\/div>\n\t\t\t\t\n\t  \n\n\t\t<h2 class=\"woocommerce-loop-product__title\">Tumlehold 1-2 \u00e5r L\u00f8rdag 09.00-09.45<\/h2>\n\t<span class=\"price\"><span class=\"woocommerce-Price-amount amount\"><bdi>289,00<span class=\"woocommerce-Price-currencySymbol\">kr.<\/span><\/bdi><\/span> \/ M\u00e5ned <span aria-hidden=\"true\">&ndash;<\/span> <span class=\"woocommerce-Price-amount amount\"><bdi>3.000,00<span class=\"woocommerce-Price-currencySymbol\">kr.<\/span><\/bdi><\/span> \/ Manuel<span class=\"screen-reader-text\">Prisinterval: 289,00kr. \/ M\u00e5ned til 3.000,00kr. \/ Manuel<\/span><\/span>\n\n\t\n\n\t<span class=\"gtm4wp_productdata\" style=\"display:none; visibility:hidden;\" data-gtm4wp_product_data=\"{&quot;internal_id&quot;:31248,&quot;item_id&quot;:31248,&quot;item_name&quot;:&quot;Tumlehold 1-2 \\u00e5r L\\u00f8rdag 09.00-09.45&quot;,&quot;sku&quot;:31248,&quot;price&quot;:289,&quot;stocklevel&quot;:null,&quot;stockstatus&quot;:&quot;instock&quot;,&quot;google_business_vertical&quot;:&quot;retail&quot;,&quot;item_category&quot;:&quot;Helsing\\u00f8r b\\u00f8rnehold 1-5 \\u00e5r&quot;,&quot;id&quot;:31248,&quot;productlink&quot;:&quot;https:\\\/\\\/beatsbybircow.dk\\\/index.php\\\/vare\\\/tumlehold\\\/&quot;,&quot;item_list_name&quot;:&quot;General Product List&quot;,&quot;index&quot;:2,&quot;product_type&quot;:&quot;reepay_variable_subscriptions&quot;,&quot;item_brand&quot;:&quot;&quot;}\"><\/span>\n<\/li>\n\t\t\t\n\t\t\t\t\n\t<li class=\"classic product type-product post-15367 status-publish instock product_cat-helsboern15 product_cat-boernehold product_tag-boern product_tag-boernedans product_tag-dans product_tag-helsingoer product_tag-micro product_tag-nordsjaelland has-post-thumbnail taxable shipping-taxable purchasable product-type-reepay_variable_subscriptions\" >\n\n\n\t\n\n\t\t\t   <div class=\"product-wrap\">\n\t\t\t<a href=\"https:\/\/beatsbybircow.dk\/index.php\/vare\/micro-moves-tirsdag\/\"><img loading=\"lazy\" decoding=\"async\" width=\"300\" height=\"300\" src=\"https:\/\/beatsbybircow.dk\/wp-content\/uploads\/2022\/07\/imageedit_1_7673061675-300x300.jpg\" class=\"attachment-woocommerce_thumbnail size-woocommerce_thumbnail\" alt=\"Micro Moves\" srcset=\"https:\/\/beatsbybircow.dk\/wp-content\/uploads\/2022\/07\/imageedit_1_7673061675-300x300.jpg 300w, https:\/\/beatsbybircow.dk\/wp-content\/uploads\/2022\/07\/imageedit_1_7673061675-150x150.jpg 150w, https:\/\/beatsbybircow.dk\/wp-content\/uploads\/2022\/07\/imageedit_1_7673061675-100x100.jpg 100w, https:\/\/beatsbybircow.dk\/wp-content\/uploads\/2022\/07\/imageedit_1_7673061675-140x140.jpg 140w, https:\/\/beatsbybircow.dk\/wp-content\/uploads\/2022\/07\/imageedit_1_7673061675-500x500.jpg 500w, https:\/\/beatsbybircow.dk\/wp-content\/uploads\/2022\/07\/imageedit_1_7673061675-350x350.jpg 350w, https:\/\/beatsbybircow.dk\/wp-content\/uploads\/2022\/07\/imageedit_1_7673061675-1000x1000.jpg 1000w, https:\/\/beatsbybircow.dk\/wp-content\/uploads\/2022\/07\/imageedit_1_7673061675-800x800.jpg 800w\" sizes=\"auto, (max-width: 300px) 100vw, 300px\" \/><\/a>\n\t\t\t<div class=\"product-add-to-cart\" data-nectar-quickview=\"false\"><a href=\"https:\/\/beatsbybircow.dk\/index.php\/vare\/micro-moves-tirsdag\/\" data-quantity=\"1\" class=\"button product_type_reepay_variable_subscriptions add_to_cart_button\" data-product_id=\"15367\" data-product_sku=\"\" aria-label=\"V\u00e6lg muligheder for &ldquo;Micro Moves 4-5 \u00e5r Tirsdag 16.15&rdquo;\" rel=\"nofollow\">V\u00e6lg muligheder<\/a><\/div>\t\t   <\/div>\n\t\t\t\t\n\t  \n\n\t\t<h2 class=\"woocommerce-loop-product__title\">Micro Moves 4-5 \u00e5r Tirsdag 16.15<\/h2>\n\t<span class=\"price\"><span class=\"woocommerce-Price-amount amount\"><bdi>289,00<span class=\"woocommerce-Price-currencySymbol\">kr.<\/span><\/bdi><\/span> \/ M\u00e5ned <span aria-hidden=\"true\">&ndash;<\/span> <span class=\"woocommerce-Price-amount amount\"><bdi>3.000,00<span class=\"woocommerce-Price-currencySymbol\">kr.<\/span><\/bdi><\/span> \/ Manuel<span class=\"screen-reader-text\">Prisinterval: 289,00kr. \/ M\u00e5ned til 3.000,00kr. \/ Manuel<\/span><\/span>\n\n\t\n\n\t<span class=\"gtm4wp_productdata\" style=\"display:none; visibility:hidden;\" data-gtm4wp_product_data=\"{&quot;internal_id&quot;:15367,&quot;item_id&quot;:15367,&quot;item_name&quot;:&quot;Micro Moves 4-5 \\u00e5r Tirsdag 16.15&quot;,&quot;sku&quot;:15367,&quot;price&quot;:289,&quot;stocklevel&quot;:null,&quot;stockstatus&quot;:&quot;instock&quot;,&quot;google_business_vertical&quot;:&quot;retail&quot;,&quot;item_category&quot;:&quot;Helsing\\u00f8r b\\u00f8rnehold 1-5 \\u00e5r&quot;,&quot;id&quot;:15367,&quot;productlink&quot;:&quot;https:\\\/\\\/beatsbybircow.dk\\\/index.php\\\/vare\\\/micro-moves-tirsdag\\\/&quot;,&quot;item_list_name&quot;:&quot;General Product List&quot;,&quot;index&quot;:3,&quot;product_type&quot;:&quot;reepay_variable_subscriptions&quot;,&quot;item_brand&quot;:&quot;&quot;}\"><\/span>\n<\/li>\n\t\t\t\n\t\t\t\t\n\t<li class=\"classic product type-product post-15419 status-publish last instock product_cat-danseundervisning product_cat-boernehold2 product_cat-boernehold product_cat-helsboern15 has-post-thumbnail taxable shipping-taxable purchasable product-type-reepay_variable_subscriptions\" >\n\n\n\t\n\n\t\t\t   <div class=\"product-wrap\">\n\t\t\t<a href=\"https:\/\/beatsbybircow.dk\/index.php\/vare\/micro-moves-torsdag-1615\/\"><img loading=\"lazy\" decoding=\"async\" width=\"300\" height=\"300\" src=\"https:\/\/beatsbybircow.dk\/wp-content\/uploads\/2022\/07\/imageedit_1_7673061675-300x300.jpg\" class=\"attachment-woocommerce_thumbnail size-woocommerce_thumbnail\" alt=\"Micro Moves\" srcset=\"https:\/\/beatsbybircow.dk\/wp-content\/uploads\/2022\/07\/imageedit_1_7673061675-300x300.jpg 300w, https:\/\/beatsbybircow.dk\/wp-content\/uploads\/2022\/07\/imageedit_1_7673061675-150x150.jpg 150w, https:\/\/beatsbybircow.dk\/wp-content\/uploads\/2022\/07\/imageedit_1_7673061675-100x100.jpg 100w, https:\/\/beatsbybircow.dk\/wp-content\/uploads\/2022\/07\/imageedit_1_7673061675-140x140.jpg 140w, https:\/\/beatsbybircow.dk\/wp-content\/uploads\/2022\/07\/imageedit_1_7673061675-500x500.jpg 500w, https:\/\/beatsbybircow.dk\/wp-content\/uploads\/2022\/07\/imageedit_1_7673061675-350x350.jpg 350w, https:\/\/beatsbybircow.dk\/wp-content\/uploads\/2022\/07\/imageedit_1_7673061675-1000x1000.jpg 1000w, https:\/\/beatsbybircow.dk\/wp-content\/uploads\/2022\/07\/imageedit_1_7673061675-800x800.jpg 800w\" sizes=\"auto, (max-width: 300px) 100vw, 300px\" \/><\/a>\n\t\t\t<div class=\"product-add-to-cart\" data-nectar-quickview=\"false\"><a href=\"https:\/\/beatsbybircow.dk\/index.php\/vare\/micro-moves-torsdag-1615\/\" data-quantity=\"1\" class=\"button product_type_reepay_variable_subscriptions add_to_cart_button\" data-product_id=\"15419\" data-product_sku=\"\" aria-label=\"V\u00e6lg muligheder for &ldquo;Micro Moves 3-4 \u00e5r Torsdag 16.15-17.00&rdquo;\" rel=\"nofollow\">V\u00e6lg muligheder<\/a><\/div>\t\t   <\/div>\n\t\t\t\t\n\t  \n\n\t\t<h2 class=\"woocommerce-loop-product__title\">Micro Moves 3-4 \u00e5r Torsdag 16.15-17.00<\/h2>\n\t<span class=\"price\"><span class=\"woocommerce-Price-amount amount\"><bdi>289,00<span class=\"woocommerce-Price-currencySymbol\">kr.<\/span><\/bdi><\/span> \/ M\u00e5ned <span aria-hidden=\"true\">&ndash;<\/span> <span class=\"woocommerce-Price-amount amount\"><bdi>3.000,00<span class=\"woocommerce-Price-currencySymbol\">kr.<\/span><\/bdi><\/span> \/ Manuel<span class=\"screen-reader-text\">Prisinterval: 289,00kr. \/ M\u00e5ned til 3.000,00kr. \/ Manuel<\/span><\/span>\n\n\t\n\n\t<span class=\"gtm4wp_productdata\" style=\"display:none; visibility:hidden;\" data-gtm4wp_product_data=\"{&quot;internal_id&quot;:15419,&quot;item_id&quot;:15419,&quot;item_name&quot;:&quot;Micro Moves 3-4 \\u00e5r Torsdag 16.15-17.00&quot;,&quot;sku&quot;:15419,&quot;price&quot;:289,&quot;stocklevel&quot;:null,&quot;stockstatus&quot;:&quot;instock&quot;,&quot;google_business_vertical&quot;:&quot;retail&quot;,&quot;item_category&quot;:&quot;Danseundervisning&quot;,&quot;id&quot;:15419,&quot;productlink&quot;:&quot;https:\\\/\\\/beatsbybircow.dk\\\/index.php\\\/vare\\\/micro-moves-torsdag-1615\\\/&quot;,&quot;item_list_name&quot;:&quot;General Product List&quot;,&quot;index&quot;:4,&quot;product_type&quot;:&quot;reepay_variable_subscriptions&quot;,&quot;item_brand&quot;:&quot;&quot;}\"><\/span>\n<\/li>\n\t\t\t\n\t\t\t\t\n\t<li class=\"classic product type-product post-15429 status-publish first instock product_cat-danseundervisning product_cat-boernehold2 product_cat-boernehold product_cat-helsboern15 has-post-thumbnail taxable shipping-taxable purchasable product-type-reepay_variable_subscriptions\" >\n\n\n\t\n\n\t\t\t   <div class=\"product-wrap\">\n\t\t\t<a href=\"https:\/\/beatsbybircow.dk\/index.php\/vare\/micro-moves-loerdag-0900\/\"><img loading=\"lazy\" decoding=\"async\" width=\"300\" height=\"300\" src=\"https:\/\/beatsbybircow.dk\/wp-content\/uploads\/2022\/07\/imageedit_1_7673061675-300x300.jpg\" class=\"attachment-woocommerce_thumbnail size-woocommerce_thumbnail\" alt=\"Micro Moves\" srcset=\"https:\/\/beatsbybircow.dk\/wp-content\/uploads\/2022\/07\/imageedit_1_7673061675-300x300.jpg 300w, https:\/\/beatsbybircow.dk\/wp-content\/uploads\/2022\/07\/imageedit_1_7673061675-150x150.jpg 150w, https:\/\/beatsbybircow.dk\/wp-content\/uploads\/2022\/07\/imageedit_1_7673061675-100x100.jpg 100w, https:\/\/beatsbybircow.dk\/wp-content\/uploads\/2022\/07\/imageedit_1_7673061675-140x140.jpg 140w, https:\/\/beatsbybircow.dk\/wp-content\/uploads\/2022\/07\/imageedit_1_7673061675-500x500.jpg 500w, https:\/\/beatsbybircow.dk\/wp-content\/uploads\/2022\/07\/imageedit_1_7673061675-350x350.jpg 350w, https:\/\/beatsbybircow.dk\/wp-content\/uploads\/2022\/07\/imageedit_1_7673061675-1000x1000.jpg 1000w, https:\/\/beatsbybircow.dk\/wp-content\/uploads\/2022\/07\/imageedit_1_7673061675-800x800.jpg 800w\" sizes=\"auto, (max-width: 300px) 100vw, 300px\" \/><\/a>\n\t\t\t<div class=\"product-add-to-cart\" data-nectar-quickview=\"false\"><a href=\"https:\/\/beatsbybircow.dk\/index.php\/vare\/micro-moves-loerdag-0900\/\" data-quantity=\"1\" class=\"button product_type_reepay_variable_subscriptions add_to_cart_button\" data-product_id=\"15429\" data-product_sku=\"\" aria-label=\"V\u00e6lg muligheder for &ldquo;Micro Moves 3-5 \u00e5r L\u00f8rdag 09.00&rdquo;\" rel=\"nofollow\">V\u00e6lg muligheder<\/a><\/div>\t\t   <\/div>\n\t\t\t\t\n\t  \n\n\t\t<h2 class=\"woocommerce-loop-product__title\">Micro Moves 3-5 \u00e5r L\u00f8rdag 09.00<\/h2>\n\t<span class=\"price\"><span class=\"woocommerce-Price-amount amount\"><bdi>289,00<span class=\"woocommerce-Price-currencySymbol\">kr.<\/span><\/bdi><\/span> \/ M\u00e5ned <span aria-hidden=\"true\">&ndash;<\/span> <span class=\"woocommerce-Price-amount amount\"><bdi>3.000,00<span class=\"woocommerce-Price-currencySymbol\">kr.<\/span><\/bdi><\/span> \/ Manuel<span class=\"screen-reader-text\">Prisinterval: 289,00kr. \/ M\u00e5ned til 3.000,00kr. \/ Manuel<\/span><\/span>\n\n\t\n\n\t<span class=\"gtm4wp_productdata\" style=\"display:none; visibility:hidden;\" data-gtm4wp_product_data=\"{&quot;internal_id&quot;:15429,&quot;item_id&quot;:15429,&quot;item_name&quot;:&quot;Micro Moves 3-5 \\u00e5r L\\u00f8rdag 09.00&quot;,&quot;sku&quot;:15429,&quot;price&quot;:289,&quot;stocklevel&quot;:null,&quot;stockstatus&quot;:&quot;instock&quot;,&quot;google_business_vertical&quot;:&quot;retail&quot;,&quot;item_category&quot;:&quot;Danseundervisning&quot;,&quot;id&quot;:15429,&quot;productlink&quot;:&quot;https:\\\/\\\/beatsbybircow.dk\\\/index.php\\\/vare\\\/micro-moves-loerdag-0900\\\/&quot;,&quot;item_list_name&quot;:&quot;General Product List&quot;,&quot;index&quot;:5,&quot;product_type&quot;:&quot;reepay_variable_subscriptions&quot;,&quot;item_brand&quot;:&quot;&quot;}\"><\/span>\n<\/li>\n\t\t\t\n\t\t<\/ul>\n\n\t\t\n\t<\/div>\n\t\t\t<\/div> \n\t\t<\/div>\n\t<\/div> \n<\/div><\/div>\n","protected":false},"excerpt":{"rendered":"","protected":false},"author":2,"featured_media":9271,"parent":0,"menu_order":0,"comment_status":"closed","ping_status":"closed","template":"","meta":{"footnotes":""},"class_list":["post-14089","page","type-page","status-publish","has-post-thumbnail"],"_links":{"self":[{"href":"https:\/\/beatsbybircow.dk\/index.php\/wp-json\/wp\/v2\/pages\/14089","targetHints":{"allow":["GET"]}}],"collection":[{"href":"https:\/\/beatsbybircow.dk\/index.php\/wp-json\/wp\/v2\/pages"}],"about":[{"href":"https:\/\/beatsbybircow.dk\/index.php\/wp-json\/wp\/v2\/types\/page"}],"author":[{"embeddable":true,"href":"https:\/\/beatsbybircow.dk\/index.php\/wp-json\/wp\/v2\/users\/2"}],"replies":[{"embeddable":true,"href":"https:\/\/beatsbybircow.dk\/index.php\/wp-json\/wp\/v2\/comments?post=14089"}],"version-history":[{"count":9,"href":"https:\/\/beatsbybircow.dk\/index.php\/wp-json\/wp\/v2\/pages\/14089\/revisions"}],"predecessor-version":[{"id":32327,"href":"https:\/\/beatsbybircow.dk\/index.php\/wp-json\/wp\/v2\/pages\/14089\/revisions\/32327"}],"wp:featuredmedia":[{"embeddable":true,"href":"https:\/\/beatsbybircow.dk\/index.php\/wp-json\/wp\/v2\/media\/9271"}],"wp:attachment":[{"href":"https:\/\/beatsbybircow.dk\/index.php\/wp-json\/wp\/v2\/media?parent=14089"}],"curies":[{"name":"wp","href":"https:\/\/api.w.org\/{rel}","templated":true}]}}