{"id":15367,"date":"2024-11-25T10:06:23","date_gmt":"2024-11-25T10:06:23","guid":{"rendered":"https:\/\/beatsbybircow.dk\/?post_type=product&#038;p=15367"},"modified":"2026-03-03T12:38:59","modified_gmt":"2026-03-03T12:38:59","slug":"micro-moves-tirsdag","status":"publish","type":"product","link":"https:\/\/beatsbybircow.dk\/index.php\/vare\/micro-moves-tirsdag\/","title":{"rendered":"Micro Moves 4-5 \u00e5r Tirsdag 16.15"},"content":{"rendered":"","protected":false},"excerpt":{"rendered":"<h2><strong>Micro Moves \u2013 Dans for B\u00f8rn 4-5 \u00e5r i Helsing\u00f8r<\/strong><\/h2>\n<h4>Micro Moves er holdet for de allermindste dansere, hvor bev\u00e6gelsesgl\u00e6de, fantasi og f\u00e6llesskab er i centrum. Her f\u00e5r b\u00f8rn i alderen 4-5 \u00e5r en tryg og sjov introduktion til dans.<br \/>\nInstrukt\u00f8rerne Silke &amp; Mathilde s\u00f8rger for, at alle f\u00f8ler sig velkomne og f\u00e5r en positiv oplevelse med musik og bev\u00e6gelse.<\/h4>\n<h3><a href=\"https:\/\/forms.monday.com\/forms\/53b4129e4dbb8fdce2c2d9dce10687ba?r=use1\"><strong>Book din gratis pr\u00f8vetime her<\/strong><\/a><\/h3>\n<p>P\u00e5 Micro Moves l\u00e6rer dit barn sm\u00e5, sjove danseserier tilpasset deres alder og niveau. Vi danser til de popul\u00e6re b\u00f8rnesange fra MGP, Disney og de hits, b\u00f8rnene kender fra TV. Undervisningen er fyldt med lege, hvor vi klapper i takt, balancerer, bruger fantasien og leger, at vi er forskellige karakterer. Her er der plads til at udforske, bev\u00e6ge sig frit og have det sjovt sammen med andre b\u00f8rn.<\/p>\n<p>Gennem dansen styrkes barnets motorik, rytme og musikforst\u00e5else. Samtidig opst\u00e5r der nye venskaber, og som for\u00e6lder vil du opleve, hvor meget dit barn gl\u00e6der sig til at komme til dans hver uge.<\/p>\n<p><strong>Praktisk info:<\/strong><br \/>\nAlder: 3-5 \u00e5r<br \/>\nVarighed: 45 minutter<br \/>\nSted: BEATS by Bircow, H C \u00d8rsteds Vej 6b, 3000 Helsing\u00f8r<br \/>\nInstrukt\u00f8r: Mathilde &amp; Silke<br \/>\nPris: Fra 289 kr.\/md.<br \/>\nGratis pr\u00f8vetime \u2013 tilmeld dit barn i dag og oplev gl\u00e6den ved dans!<\/p>\n<p>Micro Moves er det perfekte valg for b\u00f8rn, der elsker musik, bev\u00e6gelse og leg i et trygt og sjovt f\u00e6llesskab.<br \/>\nBook en gratis pr\u00f8vetime og se, hvorfor s\u00e5 mange b\u00f8rn gl\u00e6der sig til dans hver uge!<\/p>\n","protected":false},"featured_media":6410,"template":"","meta":[],"product_brand":[],"product_cat":[138,95],"product_tag":[87,148,133,129,81,130],"class_list":{"0":"post-15367","1":"product","2":"type-product","3":"status-publish","4":"has-post-thumbnail","6":"product_cat-helsboern15","7":"product_cat-boernehold","8":"product_tag-boern","9":"product_tag-boernedans","10":"product_tag-dans","11":"product_tag-helsingoer","12":"product_tag-micro","13":"product_tag-nordsjaelland","15":"first","16":"instock","17":"taxable","18":"shipping-taxable","19":"purchasable","20":"product-type-reepay_variable_subscriptions"},"_links":{"self":[{"href":"https:\/\/beatsbybircow.dk\/index.php\/wp-json\/wp\/v2\/product\/15367","targetHints":{"allow":["GET"]}}],"collection":[{"href":"https:\/\/beatsbybircow.dk\/index.php\/wp-json\/wp\/v2\/product"}],"about":[{"href":"https:\/\/beatsbybircow.dk\/index.php\/wp-json\/wp\/v2\/types\/product"}],"wp:featuredmedia":[{"embeddable":true,"href":"https:\/\/beatsbybircow.dk\/index.php\/wp-json\/wp\/v2\/media\/6410"}],"wp:attachment":[{"href":"https:\/\/beatsbybircow.dk\/index.php\/wp-json\/wp\/v2\/media?parent=15367"}],"wp:term":[{"taxonomy":"product_brand","embeddable":true,"href":"https:\/\/beatsbybircow.dk\/index.php\/wp-json\/wp\/v2\/product_brand?post=15367"},{"taxonomy":"product_cat","embeddable":true,"href":"https:\/\/beatsbybircow.dk\/index.php\/wp-json\/wp\/v2\/product_cat?post=15367"},{"taxonomy":"product_tag","embeddable":true,"href":"https:\/\/beatsbybircow.dk\/index.php\/wp-json\/wp\/v2\/product_tag?post=15367"}],"curies":[{"name":"wp","href":"https:\/\/api.w.org\/{rel}","templated":true}]}}